{"id":37,"date":"2015-02-08T09:18:18","date_gmt":"2015-02-08T09:18:18","guid":{"rendered":"http:\/\/www.cne.epilepsies.fr\/?page_id=37"},"modified":"2022-03-01T18:45:11","modified_gmt":"2022-03-01T18:45:11","slug":"les-statuts-du-comite-national-pour-lepilepsie","status":"publish","type":"page","link":"https:\/\/www.cne.epilepsies.fr\/?page_id=37","title":{"rendered":"Statuts"},"content":{"rendered":"<h2 style=\"text-align: right;\"><span style=\"font-size: 16pt;\"><strong><a title=\"Statuts Comit\u00e9 national pour l'\u00e9pilepsie\" href=\"https:\/\/www.cne.epilepsies.fr\/wp-content\/uploads\/2022\/03\/2012-12-07-Statuts-CNE.pdf\" target=\"_blank\" rel=\"noopener\"><span style=\"font-size: 10pt;\">Version imprimable<\/span><\/a><\/strong><\/span><\/h2>\n<h3>Article 1 : Constitution d&#8217;une Association d\u2019int\u00e9r\u00eat g\u00e9n\u00e9ral<\/h3>\n<p>Il est constitu\u00e9 entre les signataires des pr\u00e9sents statuts, tous int\u00e9ress\u00e9s \u00e0 des titres divers par les probl\u00e8mes des personnes atteintes d\u2019\u00e9pilepsie, une association d\u2019int\u00e9r\u00eat g\u00e9n\u00e9ral r\u00e9gie par la loi du 1er juillet 1901, le d\u00e9cret du 16 ao\u00fbt 1901 et la loi du 1er ao\u00fbt 2003, d\u00e9nomm\u00e9e : \u00ab <strong><em>Comit\u00e9 National pour l\u2019\u00c9pilepsie<\/em><\/strong>\u00bb (C.N.E.).<\/p>\n<p>Sa dur\u00e9e est illimit\u00e9e.<\/p>\n<h3>Article 2 : <em>Objet<\/em><\/h3>\n<p>Dans l\u2019int\u00e9r\u00eat des personnes concern\u00e9es et de leurs familles, le \u00ab Comit\u00e9 national pour l\u2019\u00c9pilepsie \u00bb a pour objet de promouvoir le partenariat entre les diff\u00e9rents organismes qui s\u2019occupent en France des \u00e9pilepsies ou des personnes \u00e9pileptiques, et ceci afin :<\/p>\n<p>&#8211; d\u2019assurer, en tant que de besoin et d\u2019une m\u00eame voix la repr\u00e9sentation de ses membres aupr\u00e8s des Pouvoirs publics ou des organismes priv\u00e9s, en vue de proposer des solutions aux probl\u00e8mes pos\u00e9s par l\u2019\u00e9pilepsie et de d\u00e9finir les moyens n\u00e9cessaires ;<\/p>\n<p>&#8211; de changer le regard sur cette maladie et ceux qui en sont atteints, en augmentant les connaissances, en favorisant et en d\u00e9veloppant la recherche, la pr\u00e9vention, la prise en charge de cette maladie et de ses cons\u00e9quences psychosociales et dispensant ou facilitant la promotion des formations n\u00e9cessaires ;<\/p>\n<p>&#8211; d\u2019organiser des manifestations telles que les Journ\u00e9es Nationales de l\u2019\u00c9pilepsie (JNE) ;<\/p>\n<p>&#8211; d\u2019\u00e9laborer la politique de communication commune correspondante et de mettre en oeuvre les moyens de diffusion appropri\u00e9s ;<\/p>\n<p>&#8211; d\u2019entretenir des liens avec les organismes qui s\u2019occupent en Europe et dans le monde de l\u2019\u00e9pilepsie ou des patients qui en sont atteints et de participer aux manifestations internationales qui les concernent.<\/p>\n<h3>Article 3 : <em>si\u00e8ge.<\/em><\/h3>\n<p>Le si\u00e8ge du Comit\u00e9 National pour l\u2019Epilepsie est situ\u00e9 \u00e0 Paris ; il peut \u00eatre transf\u00e9r\u00e9 par simple d\u00e9cision du conseil d\u2019administration.<\/p>\n<h3>Article 4 : composition &amp; fonctionnement.<\/h3>\n<p>Le CNE comporte des membres actifs et des membres associ\u00e9s.<\/p>\n<p>Leur admission est d\u00e9cid\u00e9e par le Conseil d\u2019Administration du CNE, \u00e0 la majorit\u00e9 des deux tiers.<\/p>\n<p>Ne peuvent \u00eatre \u00ab\u00a0membres actifs\u00a0\u00bb que des associations<a href=\"#_ftn1\" name=\"_ftnref1\">[1]<\/a> nationales ayant vocation \u00e0 traiter \u00e0 titre g\u00e9n\u00e9ral des \u00e9pilepsies, et dont le si\u00e8ge est en France.<\/p>\n<p>Peuvent \u00eatre \u00ab\u00a0membre associ\u00e9s\u00a0\u00bb les associations fran\u00e7aises concern\u00e9es par l\u2019\u00e9pilepsie.<\/p>\n<p>Seuls les membres actifs sont soumis au paiement d\u2019une cotisation annuelle.<\/p>\n<p>Chaque membre actif est repr\u00e9sent\u00e9 au CNE par deux personnes physiques.<\/p>\n<p>Chaque membre associ\u00e9 est repr\u00e9sent\u00e9 au CNE par une personne physique.<\/p>\n<p>Ces personnes physiques sont\u00a0:<\/p>\n<ul>\n<li>le pr\u00e9sident de l\u2019association membre.<\/li>\n<li>pour les membres actifs, un deuxi\u00e8me repr\u00e9sentant de l\u2019association, d\u00e9sign\u00e9 par celle-ci.<\/li>\n<\/ul>\n<p>En cas d\u2019emp\u00eachement pour participer \u00e0 une r\u00e9union du CNE, chaque personne peut d\u00e9l\u00e9guer une autre personne appartenant \u00e0 la m\u00eame association en veillant \u00e0 ce qu\u2019elle soit au courant des sujets en cours.<\/p>\n<p>Une m\u00eame personne ne peut pas \u00eatre d\u00e9sign\u00e9e pour repr\u00e9senter plusieurs membres actifs ou membre associ\u00e9s simultan\u00e9ment.<\/p>\n<p>Une personne repr\u00e9sentant un membre associ\u00e9 ne peut \u00eatre mandat\u00e9e seule au nom du CNE mais peut accompagner une personne repr\u00e9sentant un membre actif.<\/p>\n<p>Pour m\u00e9moire, lors de sa constitution en association d\u2019int\u00e9r\u00eat g\u00e9n\u00e9ral p\u00e9renne, le 30 juin 2005, le CNE comprenait les membres fondateurs suivants :<\/p>\n<p>&#8211; AISPACE (Association fran\u00e7aise pour les \u00e9pilepsies),<\/p>\n<p>&#8211; ARPEIJE (Association pour la Recherche, Pour l\u2019\u00c9ducation et l\u2019Insertion des Jeunes \u00c9pileptiques),<\/p>\n<p>&#8211; BFE (Bureau Fran\u00e7ais de l\u2019\u00c9pilepsie),<\/p>\n<p>&#8211; \u00c9OLE (Expression, Ouverture, Lib\u00e9ration des \u00c9pileptiques),<\/p>\n<p>&#8211; FFRE (Fondation Fran\u00e7aise pour la Recherche sur l\u2019\u00c9pilepsie),<\/p>\n<p>&#8211; LFCE (Ligue Fran\u00e7aise Contre l\u2019\u00c9pilepsie).<\/p>\n<p>Les membres fondateurs sont soumis aux m\u00eames r\u00e8gles que les autres membres actifs.<\/p>\n<h3>Article 5 : d\u00e9mission, radiation.<\/h3>\n<p>La qualit\u00e9 de membre actif ou membre associ\u00e9 du CNE se perd :<\/p>\n<p>&#8211; par d\u00e9mission,<\/p>\n<p>&#8211; par d\u00e9faut de cotisation pour un membre actif,<\/p>\n<p>&#8211; par dissolution,<\/p>\n<p>&#8211; par radiation pour motif grave, prononc\u00e9e par l&#8217;AG \u00e0 la majorit\u00e9 des deux tiers, sur proposition du conseil d\u2019administration.<\/p>\n<p>Avant toute d\u00e9cision, l\u2019organisme en cause doit \u00eatre entendu par l\u2019AG et pr\u00e9senter ses explications.<\/p>\n<p><em>\u00a0<\/em><\/p>\n<h3>Article 6 : l\u2019assembl\u00e9e g\u00e9n\u00e9rale (AG).<\/h3>\n<p>L\u2019assembl\u00e9e g\u00e9n\u00e9rale du CNE est compos\u00e9e de l\u2019ensemble des membres actifs (chacun repr\u00e9sent\u00e9 par 2 personnes) et membre associ\u00e9s (chacun repr\u00e9sent\u00e9 par une personne). Ses r\u00e9unions peuvent \u00eatre physiques ou par tous moyens de conf\u00e9rence audio, visio\u2026<\/p>\n<p>Chaque\u00a0 membre actif dispose d\u2019une voix. (les 2 repr\u00e9sentants d\u2019une assoc s\u2019entendent pour une voix commune de leur association.), chaque membre associ\u00e9 a voix consultative.<\/p>\n<p>Les votes ont lieu \u00e0 main lev\u00e9e ; toutefois, le scrutin secret s\u2019impose d\u00e8s qu\u2019une personne le demande. Il est possible de proc\u00e9der au vote par voie \u00e9lectronique.<\/p>\n<p>L\u2019AG ne peut valablement d\u00e9lib\u00e9rer que si les deux tiers au moins des membres actifs sont pr\u00e9sents ; sinon, une nouvelle AG est convoqu\u00e9e, qui peut valablement d\u00e9lib\u00e9rer quel que soit le nombre des pr\u00e9sents.<\/p>\n<p>Les d\u00e9cisions sont prises \u00e0 la majorit\u00e9 des deux tiers des membres actifs pr\u00e9sents.<\/p>\n<p>Chaque ann\u00e9e, avant le mois de mai, l\u2019assembl\u00e9e g\u00e9n\u00e9rale annuelle entend le rapport moral et le rapport d\u2019orientation du pr\u00e9sident, ainsi que le rapport financier et le budget pr\u00e9visionnel du tr\u00e9sorier qui sont soumis \u00e0 l\u2019approbation des votants. Elle fixe le montant des cotisations des membres actifs<span style=\"text-decoration: line-through;\">. <\/span><\/p>\n<p>L\u2019ordre du jour de l\u2019assembl\u00e9e est r\u00e9gl\u00e9 par le conseil d\u2019administration. Les convocations<a href=\"#_ftn2\" name=\"_ftnref2\">[2]<\/a> doivent parvenir aux participants quinze jours au moins avant la date pr\u00e9vue de r\u00e9union.<\/p>\n<p>Le rapport annuel, les comptes et le proc\u00e8s-verbal de la r\u00e9union au cours de laquelle ils ont \u00e9t\u00e9 approuv\u00e9s sont adress\u00e9s chaque ann\u00e9e \u00e0 chacun des repr\u00e9sentants des membres actifs et membre associ\u00e9s du CNE.<\/p>\n<p>Les agents r\u00e9tribu\u00e9s par le CNE peuvent \u00eatre appel\u00e9s par le pr\u00e9sident \u00e0 assister, avec voix consultative, aux r\u00e9unions de l\u2019assembl\u00e9e g\u00e9n\u00e9rale et du CA.<\/p>\n<h4>Assembl\u00e9e g\u00e9n\u00e9rale extraordinaire<\/h4>\n<p>En outre, l\u2019assembl\u00e9e g\u00e9n\u00e9rale se r\u00e9unit chaque fois qu\u2019elle est convoqu\u00e9e par le conseil d\u2019administration ou sur la demande du tiers au moins des membres actifs et membre associ\u00e9s du CNE (assembl\u00e9e g\u00e9n\u00e9rale extraordinaire).<\/p>\n<p>Sa composition et ses r\u00e8gles de fonctionnement sont identiques \u00e0 celles de l\u2019assembl\u00e9e g\u00e9n\u00e9rale. Elle est<\/p>\n<p>seule comp\u00e9tente pour modifier les statuts ou prononcer la dissolution de l\u2019association.<\/p>\n<h3>Article 7 : le conseil d\u2019administration (CA).<\/h3>\n<p>Le conseil d\u2019administration est compos\u00e9 des personnes repr\u00e9sentant les membres actifs du CNE (2 personnes par membre actif cf article 4)\u00a0: les administrateurs.<\/p>\n<p>Les personnes repr\u00e9sentant les membres associ\u00e9s sont invit\u00e9es \u00e0 y assister, avec voix consultative. (1 personne par membre associ\u00e9 cf article 4).<\/p>\n<p>Le CA est convoqu\u00e9 par le pr\u00e9sident ou le secr\u00e9taire g\u00e9n\u00e9ral du CNE, qui fixent l\u2019ordre du jour, apr\u00e8s l\u2019avoir propos\u00e9 aux administrateurs ; tout point dont un des administrateurs a demand\u00e9 par \u00e9crit l\u2019inscription \u00e0 l\u2019ordre du jour doit y appara\u00eetre. L\u2019ordre du jour doit parvenir aux participants au moins une semaine avant la date de la r\u00e9union.<\/p>\n<p>Le CA tient au moins trois r\u00e9unions<a href=\"#_ftn3\" name=\"_ftnref3\">[3]<\/a> par an. En dehors des r\u00e9unions pr\u00e9vues par ses soins, le pr\u00e9sident convoque le CA d\u00e8s lors que la moiti\u00e9 au moins des administrateurs en expriment la demande.<\/p>\n<p>Le CA ne peut valablement d\u00e9lib\u00e9rer que si la moiti\u00e9 au moins des administrateurs est pr\u00e9sente ou repr\u00e9sent\u00e9e. Les d\u00e9cisions du CA sont prises \u00e0 la majorit\u00e9 des votants (une voix par administrateur).<\/p>\n<p>Le CA cr\u00e9e et dissout les groupes de travail n\u00e9cessaires au travail du CNE ; chaque groupe de travail doit compter au moins un administrateur, qui assure la coordination des travaux et en rend compte au CA.<\/p>\n<p>Le pr\u00e9sident peut inviter aux r\u00e9unions du CA toute personne dont la pr\u00e9sence est susceptible, en fonction des questions inscrites \u00e0 l\u2019ordre du jour, de faciliter les travaux des administrateurs.<\/p>\n<h3>Article 8 : le bureau de l\u2019association.<\/h3>\n<p>Le bureau comprend : le pr\u00e9sident, le secr\u00e9taire g\u00e9n\u00e9ral, le tr\u00e9sorier et si l&#8217;AG en d\u00e9cide un ou deux vice-pr\u00e9sidents, un tr\u00e9sorier adjoint, un secr\u00e9taire g\u00e9n\u00e9ral adjoint; Les membres du bureau sont \u00e9lus par le Conseil d\u2019Administration parmi les administrateurs, pour 3 ans, renouvelable une fois maximum au m\u00eame poste.<\/p>\n<p>C\u2019est un mandat personnel\u00a0; au cas o\u00f9 la personne n\u2019est plus mandat\u00e9e par un membre actif pour si\u00e9ger au CNE, le poste vacant sera remplac\u00e9 par une nouvelle \u00e9lection au sein du CA.<\/p>\n<p>Dans toute la mesure du possible, les membres du bureau doivent appartenir \u00e0 diff\u00e9rents membres actifs du CNE.<\/p>\n<p>Les r\u00e9unions du bureau sont convoqu\u00e9es par le pr\u00e9sident ou le secr\u00e9taire g\u00e9n\u00e9ral.<\/p>\n<h3>Article 9 : ressources, financement.<\/h3>\n<p>Les ressources de l\u2019association sont constitu\u00e9es par le montant des cotisations annuelles de ses membres actifs, par des subventions publiques et priv\u00e9es, par le paiement de prestations fournies par le CNE, par des dons et par les contributions volontaires de ses membres en vue du financement et de la r\u00e9alisation de son objet.<\/p>\n<p>Le montant des cotisations est d\u00e9cid\u00e9 en AG annuelle.<\/p>\n<h3>Article 10\u00a0: b\u00e9n\u00e9volat et remboursement de frais.<\/h3>\n<p>Les administrateurs ne peuvent recevoir aucune r\u00e9mun\u00e9ration de leur fonction d\u2019administrateur. Des remboursements de frais sur justificatifs originaux sont seuls possibles.<\/p>\n<p>&#8211; frais de transport sur la base SNCF 2<sup>nd<\/sup> classe et transports publics pour participer aux r\u00e9unions de bureau, CA ou AG du CNE ou aux actions nationales pour lesquelles le CNE a mandat\u00e9 la personne.<\/p>\n<p>Au maximum deux personnes repr\u00e9sentant un membre actif peuvent \u00eatre rembours\u00e9es de leurs frais de transport pour participer \u00e0 un CA ou une AG\u00a0; Les frais des membres associ\u00e9s pour participer aux CA ou AG ne peuvent donner lieu \u00e0 remboursement.<\/p>\n<p>&#8211; Le remboursement de frais exceptionnels, non d\u00e9finis dans les statuts, doivent faire l\u2019objet d\u2019une d\u00e9cision expresse du CA, avant engagement des frais, statuant hors de la pr\u00e9sence des int\u00e9ress\u00e9s si n\u00e9cessaire.<\/p>\n<h3>Article 11 : d\u00e9volution des biens.<\/h3>\n<p>Lors de la dissolution prononc\u00e9e par l\u2019assembl\u00e9e g\u00e9n\u00e9rale extraordinaire, selon le cas l\u2019actif sera d\u00e9volu \u00e0 une instance nationale dont l&#8217;objet social est proche de celui du CNE, \u00e0 d\u00e9faut \u00e0 la Fondation de France ou le d\u00e9ficit sera r\u00e9parti entre les membres actifs et membres associ\u00e9s du CNE<\/p>\n<h3>Article 12 : entr\u00e9e en vigueur.<\/h3>\n<p>Les pr\u00e9sents statuts entrent en vigueur \u00e0 la date de leur signature.<\/p>\n<h3>Article 13 : modification des statuts.<\/h3>\n<p>Les statuts peuvent \u00eatre modifi\u00e9s par l&#8217;AG extraordinaire, propos\u00e9s \u00e0 l&#8217;AG par le conseil d\u2019administration.<\/p>\n<p>Fait \u00e0 Paris, le 18 juin 2016<\/p>\n<p>Pr\u00e9sident \u00a0\u00a0\u00a0\u00a0\u00a0\u00a0\u00a0\u00a0\u00a0\u00a0\u00a0\u00a0\u00a0\u00a0\u00a0\u00a0\u00a0\u00a0\u00a0\u00a0\u00a0\u00a0\u00a0\u00a0\u00a0\u00a0\u00a0\u00a0\u00a0 Secr\u00e9taire G\u00e9n\u00e9rale<\/p>\n<p><a href=\"#_ftnref1\" name=\"_ftn1\">[1]<\/a> <em>Dans tout le texte, le mot \u00ab\u00a0association\u00a0\u00bb repr\u00e9sente des organismes de l\u2019\u00e9conomie sociale\u00a0: associations loi 1901, mutuelles, coop\u00e9ratives, fondations\u2026\u00a0 Le mot \u00ab\u00a0membre\u00a0\u00bb repr\u00e9sente les associations membres et non les personnes physiques qui les repr\u00e9sentent.<\/em><\/p>\n<p><a href=\"#_ftnref2\" name=\"_ftn2\">[2]<\/a> Tous les \u00e9crits (convocations, ordre du jour, PV, rapports\u2026) peuvent \u00eatre transmis par voie \u00e9lectronique ou papier.<\/p>\n<p><a href=\"#_ftnref3\" name=\"_ftn3\">[3]<\/a> Les r\u00e9unions peuvent \u00eatre physique ou par tous moyens de conf\u00e9rence audio, visio\u2026<\/p>\n","protected":false},"excerpt":{"rendered":"<p>Version imprimable Article 1 : Constitution d&#8217;une Association d\u2019int\u00e9r\u00eat g\u00e9n\u00e9ral Il est constitu\u00e9 entre les signataires des pr\u00e9sents statuts, tous int\u00e9ress\u00e9s \u00e0 des titres divers par les probl\u00e8mes des personnes atteintes d\u2019\u00e9pilepsie, une association d\u2019int\u00e9r\u00eat g\u00e9n\u00e9ral r\u00e9gie par la loi &hellip; <a class=\"more-link\" href=\"https:\/\/www.cne.epilepsies.fr\/?page_id=37\">Lire la suite <span class=\"meta-nav\">&rarr;<\/span><\/a><\/p>\n","protected":false},"author":11,"featured_media":0,"parent":223,"menu_order":4300,"comment_status":"closed","ping_status":"closed","template":"","meta":{"footnotes":""},"class_list":["post-37","page","type-page","status-publish","hentry"],"_links":{"self":[{"href":"https:\/\/www.cne.epilepsies.fr\/index.php?rest_route=\/wp\/v2\/pages\/37","targetHints":{"allow":["GET"]}}],"collection":[{"href":"https:\/\/www.cne.epilepsies.fr\/index.php?rest_route=\/wp\/v2\/pages"}],"about":[{"href":"https:\/\/www.cne.epilepsies.fr\/index.php?rest_route=\/wp\/v2\/types\/page"}],"author":[{"embeddable":true,"href":"https:\/\/www.cne.epilepsies.fr\/index.php?rest_route=\/wp\/v2\/users\/11"}],"replies":[{"embeddable":true,"href":"https:\/\/www.cne.epilepsies.fr\/index.php?rest_route=%2Fwp%2Fv2%2Fcomments&post=37"}],"version-history":[{"count":13,"href":"https:\/\/www.cne.epilepsies.fr\/index.php?rest_route=\/wp\/v2\/pages\/37\/revisions"}],"predecessor-version":[{"id":313,"href":"https:\/\/www.cne.epilepsies.fr\/index.php?rest_route=\/wp\/v2\/pages\/37\/revisions\/313"}],"up":[{"embeddable":true,"href":"https:\/\/www.cne.epilepsies.fr\/index.php?rest_route=\/wp\/v2\/pages\/223"}],"wp:attachment":[{"href":"https:\/\/www.cne.epilepsies.fr\/index.php?rest_route=%2Fwp%2Fv2%2Fmedia&parent=37"}],"curies":[{"name":"wp","href":"https:\/\/api.w.org\/{rel}","templated":true}]}}