{"id":78,"date":"2015-02-16T15:31:12","date_gmt":"2015-02-16T15:31:12","guid":{"rendered":"http:\/\/www.cne.epilepsies.fr\/?page_id=78"},"modified":"2022-01-24T09:56:36","modified_gmt":"2022-01-24T09:56:36","slug":"documents-de-reference","status":"publish","type":"page","link":"https:\/\/www.cne.epilepsies.fr\/?page_id=78","title":{"rendered":"doc de r\u00e9f\u00e9rence"},"content":{"rendered":"<p>Le <span class=\"il\">CNE<\/span>, repr\u00e9sentant toutes les composantes professionnelles et associatives sur les \u00e9pilepsies, associations de malades et leurs proches, m\u00e9decins et soignants, chercheurs, professionnels m\u00e9dicosociaux, a \u00e9labor\u00e9 en 2011 un document de synth\u00e8se sur la situation et les besoins des personnes \u00e9pileptiques, quels que soient leur \u00e2ge, la gravit\u00e9 de leur \u00e9pilepsie, leur situation.<br \/>\nCe document a \u00e9t\u00e9 d\u00e9clin\u00e9 en quatre fiches pour une prise en compte par les Pouvoirs Publics.<\/p>\n<p>plan national \u00e9pilepsie<br \/>\n<a href=\"https:\/\/www.cne.epilepsies.fr\/wp-content\/uploads\/2015\/02\/etablissementsCNE.doc\" target=\"_blank\" rel=\"noopener\">la situation des \u00e9tablissements sp\u00e9cialis\u00e9s<\/a><br \/>\n<a href=\"https:\/\/www.cne.epilepsies.fr\/wp-content\/uploads\/2015\/02\/HandicapCNE.doc\" target=\"_blank\" rel=\"noopener\">handicap li\u00e9 \u00e0 l&#8217;\u00e9pilepsie<\/a><br \/>\n<a href=\"https:\/\/www.cne.epilepsies.fr\/wp-content\/uploads\/2015\/02\/Centres-de-r\u00e9frenceCNE.doc\" target=\"_blank\" rel=\"noopener\">centre de r\u00e9f\u00e9rence pour l&#8217;\u00e9pilepsie<\/a><br \/>\n<a href=\"https:\/\/www.cne.epilepsies.fr\/wp-content\/uploads\/2015\/02\/EEGCNE.doc\" target=\"_blank\" rel=\"noopener\">importance de l&#8217;EEG dans la prise en charge<\/a><\/p>\n<iframe src=\"\/\/docs.google.com\/viewer?url=https%3A%2F%2Fwww.cne.epilepsies.fr%2Fwp-content%2Fuploads%2F2015%2F02%2FSYNTHESE-CNE-mars11-ministreSante-9pages.pdf&hl=fr&embedded=true\" class=\"gde-frame\" style=\"width:100%; height:500px; border: none;\" scrolling=\"no\"><\/iframe>\n<p class=\"gde-text\"><a href=\"https:\/\/www.cne.epilepsies.fr\/wp-content\/uploads\/2015\/02\/SYNTHESE-CNE-mars11-ministreSante-9pages.pdf\" class=\"gde-link\">T\u00e9l\u00e9charger (PDF, 59KB)<\/a><\/p>\n","protected":false},"excerpt":{"rendered":"<p>Le CNE, repr\u00e9sentant toutes les composantes professionnelles et associatives sur les \u00e9pilepsies, associations de malades et leurs proches, m\u00e9decins et soignants, chercheurs, professionnels m\u00e9dicosociaux, a \u00e9labor\u00e9 en 2011 un document de synth\u00e8se sur la situation et les besoins des personnes &hellip; <a class=\"more-link\" href=\"https:\/\/www.cne.epilepsies.fr\/?page_id=78\">Lire la suite <span class=\"meta-nav\">&rarr;<\/span><\/a><\/p>\n","protected":false},"author":11,"featured_media":0,"parent":0,"menu_order":2000,"comment_status":"closed","ping_status":"closed","template":"","meta":{"footnotes":""},"class_list":["post-78","page","type-page","status-publish","hentry"],"_links":{"self":[{"href":"https:\/\/www.cne.epilepsies.fr\/index.php?rest_route=\/wp\/v2\/pages\/78","targetHints":{"allow":["GET"]}}],"collection":[{"href":"https:\/\/www.cne.epilepsies.fr\/index.php?rest_route=\/wp\/v2\/pages"}],"about":[{"href":"https:\/\/www.cne.epilepsies.fr\/index.php?rest_route=\/wp\/v2\/types\/page"}],"author":[{"embeddable":true,"href":"https:\/\/www.cne.epilepsies.fr\/index.php?rest_route=\/wp\/v2\/users\/11"}],"replies":[{"embeddable":true,"href":"https:\/\/www.cne.epilepsies.fr\/index.php?rest_route=%2Fwp%2Fv2%2Fcomments&post=78"}],"version-history":[{"count":8,"href":"https:\/\/www.cne.epilepsies.fr\/index.php?rest_route=\/wp\/v2\/pages\/78\/revisions"}],"predecessor-version":[{"id":296,"href":"https:\/\/www.cne.epilepsies.fr\/index.php?rest_route=\/wp\/v2\/pages\/78\/revisions\/296"}],"wp:attachment":[{"href":"https:\/\/www.cne.epilepsies.fr\/index.php?rest_route=%2Fwp%2Fv2%2Fmedia&parent=78"}],"curies":[{"name":"wp","href":"https:\/\/api.w.org\/{rel}","templated":true}]}}