{"id":8,"date":"2015-02-05T22:53:59","date_gmt":"2015-02-05T22:53:59","guid":{"rendered":"http:\/\/www.cne.epilepsies.fr\/?page_id=8"},"modified":"2018-08-02T12:42:34","modified_gmt":"2018-08-02T12:42:34","slug":"le-comite-national-pour-lepilepsie","status":"publish","type":"page","link":"https:\/\/www.cne.epilepsies.fr\/","title":{"rendered":"le CNE"},"content":{"rendered":"<p style=\"text-align: justify;\"><span style=\"font-family: verdana, geneva; font-size: 14pt;\">Dans l\u2019int\u00e9r\u00eat des personnes concern\u00e9es et de leurs familles, le \u00ab Comit\u00e9 national pour l\u2019\u00c9pilepsie \u00bb promeut le partenariat entre les organismes qui s\u2019occupent en France des \u00e9pilepsies ou des personnes \u00e9pileptiques, afin :<\/span><\/p>\n<ul style=\"text-align: justify;\">\n<li><span style=\"font-family: verdana, geneva; font-size: 14pt;\">d\u2019assurer d\u2019une m\u00eame voix la repr\u00e9sentation de ses membres aupr\u00e8s des Pouvoirs Publics ou des Organismes Priv\u00e9s, afin de<\/span>\n<ul>\n<li><span style=\"font-family: verdana, geneva; font-size: 14pt;\">proposer des solutions aux probl\u00e8mes pos\u00e9s par les \u00e9pilepsies,<\/span><\/li>\n<li><span style=\"font-family: verdana, geneva; font-size: 14pt;\">d\u00e9finir les moyens n\u00e9cessaires ;<\/span><\/li>\n<\/ul>\n<\/li>\n<li><span style=\"font-family: verdana, geneva; font-size: 14pt;\">de changer le regard sur cette maladie et ceux qui en sont atteints,<\/span>\n<ul>\n<li><span style=\"font-family: verdana, geneva; font-size: 14pt;\">en augmentant les connaissances,<\/span><\/li>\n<li><span style=\"font-family: verdana, geneva; font-size: 14pt;\">en favorisant et en d\u00e9veloppant la recherche, la pr\u00e9vention, la prise en charge de cette maladie et de ses cons\u00e9quences psychosociales<\/span><\/li>\n<li><span style=\"font-family: verdana, geneva; font-size: 14pt;\">en facilitant la promotion des formations n\u00e9cessaires\u00a0;<\/span><\/li>\n<\/ul>\n<\/li>\n<li><span style=\"font-family: verdana, geneva; font-size: 14pt;\">d\u2019organiser des manifestations telles que les <a href=\"https:\/\/internationalepilepsyday.org\/about\/\" target=\"_blank\" rel=\"noopener\">Journ\u00e9es Nationales de l\u2019\u00c9pilepsie<\/a> (JNE);<\/span><\/li>\n<li><span style=\"font-family: verdana, geneva; font-size: 14pt;\">d\u2019\u00e9laborer une communication commune et de mettre en \u0153uvre les moyens de diffusion appropri\u00e9s ;<\/span><\/li>\n<li><span style=\"font-family: verdana, geneva; font-size: 14pt;\">d\u2019entretenir des liens avec les organismes qui s\u2019occupent en Europe et dans le monde de l\u2019\u00e9pilepsie ou des patients qui en sont atteints et de participer aux manifestations internationales qui les concernent.<\/span><\/li>\n<\/ul>\n<p style=\"text-align: justify;\"><span style=\"font-family: verdana, geneva; font-size: 14pt;\">Le CNE d\u00e9finit ses actions en coh\u00e9rence avec celles de <a href=\"https:\/\/www.cne.epilepsies.fr\/?page_id=16\">ses membres<\/a> dans leurs domaines de comp\u00e9tence.<\/span><\/p>\n","protected":false},"excerpt":{"rendered":"<p>Dans l\u2019int\u00e9r\u00eat des personnes concern\u00e9es et de leurs familles, le \u00ab Comit\u00e9 national pour l\u2019\u00c9pilepsie \u00bb promeut le partenariat entre les organismes qui s\u2019occupent en France des \u00e9pilepsies ou des personnes \u00e9pileptiques, afin : d\u2019assurer d\u2019une m\u00eame voix la repr\u00e9sentation &hellip; <a class=\"more-link\" href=\"https:\/\/www.cne.epilepsies.fr\/\">Lire la suite <span class=\"meta-nav\">&rarr;<\/span><\/a><\/p>\n","protected":false},"author":11,"featured_media":0,"parent":0,"menu_order":1000,"comment_status":"closed","ping_status":"closed","template":"","meta":{"footnotes":""},"class_list":["post-8","page","type-page","status-publish","hentry"],"_links":{"self":[{"href":"https:\/\/www.cne.epilepsies.fr\/index.php?rest_route=\/wp\/v2\/pages\/8","targetHints":{"allow":["GET"]}}],"collection":[{"href":"https:\/\/www.cne.epilepsies.fr\/index.php?rest_route=\/wp\/v2\/pages"}],"about":[{"href":"https:\/\/www.cne.epilepsies.fr\/index.php?rest_route=\/wp\/v2\/types\/page"}],"author":[{"embeddable":true,"href":"https:\/\/www.cne.epilepsies.fr\/index.php?rest_route=\/wp\/v2\/users\/11"}],"replies":[{"embeddable":true,"href":"https:\/\/www.cne.epilepsies.fr\/index.php?rest_route=%2Fwp%2Fv2%2Fcomments&post=8"}],"version-history":[{"count":14,"href":"https:\/\/www.cne.epilepsies.fr\/index.php?rest_route=\/wp\/v2\/pages\/8\/revisions"}],"predecessor-version":[{"id":246,"href":"https:\/\/www.cne.epilepsies.fr\/index.php?rest_route=\/wp\/v2\/pages\/8\/revisions\/246"}],"wp:attachment":[{"href":"https:\/\/www.cne.epilepsies.fr\/index.php?rest_route=%2Fwp%2Fv2%2Fmedia&parent=8"}],"curies":[{"name":"wp","href":"https:\/\/api.w.org\/{rel}","templated":true}]}}